{"id":2,"date":"2022-02-11T10:42:09","date_gmt":"2022-02-11T08:42:09","guid":{"rendered":"https:\/\/www.menhir.cat\/?page_id=2"},"modified":"2022-04-20T19:03:52","modified_gmt":"2022-04-20T17:03:52","slug":"nosaltres","status":"publish","type":"page","link":"https:\/\/menhir.cat\/nou\/web\/nosaltres\/","title":{"rendered":"Nosaltres"},"content":{"rendered":"\r\n<div>\r\n<h1>menhir \u00b7 Arquitectura d&#8217;h\u00e0bitat natural<\/h1>\r\n<\/div>\r\n<div>\r\n<div>\u00a0<\/div>\r\n<div>No ens agraden ni els pisos ni els locals, ens agraden les llars i els conceptes comercials. No fem projectes com a xurros, ni xurros de projectes, fem projectes que fan xup-xup i s\u00f3n xulos<em>.\u00a0 <\/em>No ens agraden les floritures ni el luxe, ens agrada parlar de conceptes i benestar. No ens agrada el PVC ni els sint\u00e8tics, estem enamorats de la fusta i el ferro.\u00a0 No ens agrada parlar d&#8217;idees sense con\u00e8ixer el lloc, ens encanta escoltar-lo i entendre el seu potencial, i despr\u00e9s parlem-ne. No ens agrada fer pagar per sentir la nostra proposta, preferim explicar les nostres idees perqu\u00e8 sabem que un cop les sentis t&#8217;atraparan. No ens agrada lligar-nos a un prove\u00efdor, ens agrada ajudar-te a valorar diferents propostes, per a que tu escullis la que m\u00e9s t&#8217;encaixi. No ens agraden els aproximats, som de rumiar, pressupostar, ajustar i complir el pactat. No ens agrada estar tot el dia a l&#8217;estudi amb l&#8217;AutoCAD, som d&#8217;estar arran d&#8217;obra i si podem arribar-hi amb bici, millor que millor. No ens agrada entregar el final d&#8217;obra nom\u00e9s amb un document, som mes d&#8217;acompanyar-lo amb una inauguraci\u00f3 amb copeta de cava.<\/div>\r\n<\/div>\r\n<div><br \/>Per tot aix\u00f2 no som nom\u00e9s arquitectes, <strong>som arquitectes d&#8217;h\u00e0bitat natural<\/strong>\u00a0 &#8211; Menhir<br \/><br \/><br \/><\/div>\r\n","protected":false},"excerpt":{"rendered":"<p>menhir \u00b7 Arquitectura d&#8217;h\u00e0bitat natural \u00a0 No ens agraden ni els pisos ni els locals, ens agraden les llars i els conceptes comercials. No fem projectes com a xurros, ni xurros de projectes, fem projectes que fan xup-xup i s\u00f3n xulos.\u00a0 No ens agraden les floritures ni el luxe, ens agrada parlar de conceptes i &hellip; <a href=\"https:\/\/menhir.cat\/nou\/web\/nosaltres\/\">Continued<\/a><\/p>\n","protected":false},"author":1,"featured_media":0,"parent":0,"menu_order":0,"comment_status":"closed","ping_status":"open","template":"nosaltres.blade.php","meta":[],"acf":[],"yoast_head":"<!-- This site is optimized with the Yoast SEO plugin v18.3 - https:\/\/yoast.com\/wordpress\/plugins\/seo\/ -->\n<title>Nosaltres - Menhir<\/title>\n<meta name=\"robots\" content=\"index, follow, max-snippet:-1, max-image-preview:large, max-video-preview:-1\" \/>\n<link rel=\"canonical\" href=\"https:\/\/menhir.cat\/\/nosaltres\/\" \/>\n<meta property=\"og:locale\" content=\"ca_ES\" \/>\n<meta property=\"og:type\" content=\"article\" \/>\n<meta property=\"og:title\" content=\"Nosaltres - Menhir\" \/>\n<meta property=\"og:description\" content=\"menhir \u00b7 Arquitectura d&#8217;h\u00e0bitat natural \u00a0 No ens agraden ni els pisos ni els locals, ens agraden les llars i els conceptes comercials. No fem projectes com a xurros, ni xurros de projectes, fem projectes que fan xup-xup i s\u00f3n xulos.\u00a0 No ens agraden les floritures ni el luxe, ens agrada parlar de conceptes i &hellip; Continued\" \/>\n<meta property=\"og:url\" content=\"https:\/\/menhir.cat\/\/nosaltres\/\" \/>\n<meta property=\"og:site_name\" content=\"Menhir\" \/>\n<meta property=\"article:modified_time\" content=\"2022-04-20T17:03:52+00:00\" \/>\n<meta name=\"twitter:card\" content=\"summary_large_image\" \/>\n<meta name=\"twitter:label1\" content=\"Temps estimat de lectura\" \/>\n\t<meta name=\"twitter:data1\" content=\"2 minuts\" \/>\n<script type=\"application\/ld+json\" class=\"yoast-schema-graph\">{\"@context\":\"https:\/\/schema.org\",\"@graph\":[{\"@type\":\"WebSite\",\"@id\":\"https:\/\/menhir.cat\/nou\/web\/#website\",\"url\":\"https:\/\/menhir.cat\/nou\/web\/\",\"name\":\"Menhir\",\"description\":\"Arquitectura d&#039;habitat natural\",\"potentialAction\":[{\"@type\":\"SearchAction\",\"target\":{\"@type\":\"EntryPoint\",\"urlTemplate\":\"https:\/\/menhir.cat\/nou\/web\/?s={search_term_string}\"},\"query-input\":\"required name=search_term_string\"}],\"inLanguage\":\"ca\"},{\"@type\":\"WebPage\",\"@id\":\"https:\/\/menhir.cat\/\/nosaltres\/#webpage\",\"url\":\"https:\/\/menhir.cat\/\/nosaltres\/\",\"name\":\"Nosaltres - Menhir\",\"isPartOf\":{\"@id\":\"https:\/\/menhir.cat\/nou\/web\/#website\"},\"datePublished\":\"2022-02-11T08:42:09+00:00\",\"dateModified\":\"2022-04-20T17:03:52+00:00\",\"breadcrumb\":{\"@id\":\"https:\/\/menhir.cat\/\/nosaltres\/#breadcrumb\"},\"inLanguage\":\"ca\",\"potentialAction\":[{\"@type\":\"ReadAction\",\"target\":[\"https:\/\/menhir.cat\/\/nosaltres\/\"]}]},{\"@type\":\"BreadcrumbList\",\"@id\":\"https:\/\/menhir.cat\/\/nosaltres\/#breadcrumb\",\"itemListElement\":[{\"@type\":\"ListItem\",\"position\":1,\"name\":\"Nosaltres\"}]}]}<\/script>\n<!-- \/ Yoast SEO plugin. -->","yoast_head_json":{"title":"Nosaltres - Menhir","robots":{"index":"index","follow":"follow","max-snippet":"max-snippet:-1","max-image-preview":"max-image-preview:large","max-video-preview":"max-video-preview:-1"},"canonical":"https:\/\/menhir.cat\/\/nosaltres\/","og_locale":"ca_ES","og_type":"article","og_title":"Nosaltres - Menhir","og_description":"menhir \u00b7 Arquitectura d&#8217;h\u00e0bitat natural \u00a0 No ens agraden ni els pisos ni els locals, ens agraden les llars i els conceptes comercials. No fem projectes com a xurros, ni xurros de projectes, fem projectes que fan xup-xup i s\u00f3n xulos.\u00a0 No ens agraden les floritures ni el luxe, ens agrada parlar de conceptes i &hellip; Continued","og_url":"https:\/\/menhir.cat\/\/nosaltres\/","og_site_name":"Menhir","article_modified_time":"2022-04-20T17:03:52+00:00","twitter_card":"summary_large_image","twitter_misc":{"Temps estimat de lectura":"2 minuts"},"schema":{"@context":"https:\/\/schema.org","@graph":[{"@type":"WebSite","@id":"https:\/\/menhir.cat\/nou\/web\/#website","url":"https:\/\/menhir.cat\/nou\/web\/","name":"Menhir","description":"Arquitectura d&#039;habitat natural","potentialAction":[{"@type":"SearchAction","target":{"@type":"EntryPoint","urlTemplate":"https:\/\/menhir.cat\/nou\/web\/?s={search_term_string}"},"query-input":"required name=search_term_string"}],"inLanguage":"ca"},{"@type":"WebPage","@id":"https:\/\/menhir.cat\/\/nosaltres\/#webpage","url":"https:\/\/menhir.cat\/\/nosaltres\/","name":"Nosaltres - Menhir","isPartOf":{"@id":"https:\/\/menhir.cat\/nou\/web\/#website"},"datePublished":"2022-02-11T08:42:09+00:00","dateModified":"2022-04-20T17:03:52+00:00","breadcrumb":{"@id":"https:\/\/menhir.cat\/\/nosaltres\/#breadcrumb"},"inLanguage":"ca","potentialAction":[{"@type":"ReadAction","target":["https:\/\/menhir.cat\/\/nosaltres\/"]}]},{"@type":"BreadcrumbList","@id":"https:\/\/menhir.cat\/\/nosaltres\/#breadcrumb","itemListElement":[{"@type":"ListItem","position":1,"name":"Nosaltres"}]}]}},"_links":{"self":[{"href":"https:\/\/menhir.cat\/nou\/web\/wp-json\/wp\/v2\/pages\/2"}],"collection":[{"href":"https:\/\/menhir.cat\/nou\/web\/wp-json\/wp\/v2\/pages"}],"about":[{"href":"https:\/\/menhir.cat\/nou\/web\/wp-json\/wp\/v2\/types\/page"}],"author":[{"embeddable":true,"href":"https:\/\/menhir.cat\/nou\/web\/wp-json\/wp\/v2\/users\/1"}],"replies":[{"embeddable":true,"href":"https:\/\/menhir.cat\/nou\/web\/wp-json\/wp\/v2\/comments?post=2"}],"version-history":[{"count":39,"href":"https:\/\/menhir.cat\/nou\/web\/wp-json\/wp\/v2\/pages\/2\/revisions"}],"predecessor-version":[{"id":366,"href":"https:\/\/menhir.cat\/nou\/web\/wp-json\/wp\/v2\/pages\/2\/revisions\/366"}],"wp:attachment":[{"href":"https:\/\/menhir.cat\/nou\/web\/wp-json\/wp\/v2\/media?parent=2"}],"curies":[{"name":"wp","href":"https:\/\/api.w.org\/{rel}","templated":true}]}}